{"id":50,"date":"2024-04-18T13:07:20","date_gmt":"2024-04-18T13:07:20","guid":{"rendered":"https:\/\/budvacars.com\/iznajmljivanje-automobila-u-buvi\/"},"modified":"2024-04-20T16:18:47","modified_gmt":"2024-04-20T16:18:47","slug":"iznajmljivanje-automobila-u-buvi","status":"publish","type":"page","link":"https:\/\/budvacars.com\/hr\/","title":{"rendered":"Iznajmljivanje automobila u Budvi"},"content":{"rendered":"<p><script src=\"https:\/\/static.localrent.com\/booking\/v2\/wl\/app.js\" async=\"\" data-mrc-wl=\"true\" data-affiliate=\"5594\" data-country=\"133\" data-city=\"5\" data-routing=\"off\" data-lang=\"ru\" data-marker=\"budvacars.com\"><span data-mce-type=\"bookmark\" style=\"display: inline-block; width: 0px; overflow: hidden; line-height: 0;\" class=\"mce_SELRES_start\">\ufeff<\/span><\/script><\/p>\n<h2>Kako iznajmiti auto u Budvi<\/h2>\n<figure id=\"attachment_48\" aria-describedby=\"caption-attachment-48\" style=\"width: 450px\" class=\"wp-caption alignright\"><span itemprop=\"image\" itemscope itemtype=\"https:\/\/schema.org\/ImageObject\"><img itemprop=\"url image\" loading=\"lazy\" decoding=\"async\" class=\"wp-image-34 size-full\" title=\"Iznajmljivanje automobila Budva\" src=\"https:\/\/budvacars.com\/wp-content\/uploads\/2024\/04\/budva-car-rental.webp\" alt=\"Iznajmljivanje automobila Budva\" width=\"450\" height=\"300\"  srcset=\"https:\/\/budvacars.com\/wp-content\/uploads\/2024\/04\/budva-car-rental.webp 450w, https:\/\/budvacars.com\/wp-content\/uploads\/2024\/04\/budva-car-rental-300x200.webp 300w\" sizes=\"(max-width: 450px) 100vw, 450px\" \/><meta itemprop=\"width\" content=\"450\"><meta itemprop=\"height\" content=\"300\"><\/span><figcaption id=\"caption-attachment-48\" class=\"wp-caption-text\">\u0410\u0440\u0435\u043d\u0434\u0430 \u0410\u0432\u0442\u043e \u0411\u0443\u0434\u0432\u0430<\/figcaption><\/figure>\n<p><strong>Iznajmljivanje automobila u Budvi<\/strong> vrlo je popularan zahtjev me\u0111u turistima koji posje\u0107uju Crnu Goru.<\/p>\n<p>Kada se na\u0111ete u tako slikovitom podru\u010dju kao \u0161to je Balkan, prirodno po\u017eelite u\u017eivati \u200b\u200bu svemu \u0161to ono nudi. Stoga \u0107e bez automobila u takvoj situaciji biti te\u0161ko.<\/p>\n<p>Sre\u0107om, dok ste u Crnoj Gori, mo\u017eete lako <strong>iznajmiti automobil<\/strong> s bilo kojim mjenja\u010dem (i ru\u010dnim i automatskim) po povoljnoj cijeni. Samo se odlu\u010dite za \u017eeljeni model u na\u0161oj rent agenciji BudvaCars i odaberite automobil po svom ukusu!<\/p>\n<p>Lokalne tvrtke za iznajmljivanje automobila stoje vam na usluzi ako \u017eelite unajmiti automobil. Cijene najma automobila, ovisno o klasi automobila, kre\u0107u se od 30 do 50 eura po danu za automobile ekonomske klase i od 50 eura po danu i vi\u0161e za kabriolete, SUV-ove i luksuzne automobile.<\/p>\n<p>Tako\u0111er mo\u017eete prona\u0107i atraktivnije cijene najma automobila kod lokalnih tvrtki za iznajmljivanje. Tako\u0111er je mogu\u0107e da vas ova usporedba cijena ugodno iznenadi i odu\u0161evi!<\/p>\n<h3>Iznajmljivanje automobila u Budvi: vjerujte BudvaCars<\/h3>\n<p>Na na\u0161im stranicama prona\u0107i \u0107ete veliki izbor automobila razli\u010ditih klasa i po ni\u017eoj cijeni od tr\u017ei\u0161nog prosjeka! \u0160tovi\u0161e, proces najma je prakti\u010dan i jednostavan, jer naru\u010dujete automobil izravno na web stranici, a sve \u0161to trebate je slijediti ova 3 jednostavna koraka:<\/p>\n<ol>\n<li>Odaberite automobil koji vam se svi\u0111a na na\u0161oj web stranici (klasa i tip karoserije)<\/li>\n<li>Kliknite &#8220;rezerviraj automobil&#8221;<\/li>\n<li>Popunite sva polja &#8211; i u\u017eivajte u i\u0161\u010dekivanju ugodnog i udobnog putovanja po Crnoj Gori!<\/li>\n<\/ol>\n<h2>Kolika je cijena najma automobila u Budvi?<\/h2>\n<p>Cijena najma automobila ovisi o sezoni, vrsti iznajmljenog automobila i periodu najma. Ovisno o ovim faktorima, cijena varira od 50 do 200 eura &#8211; sve informacije su na na\u0161oj web stranici u opisu svakog automobila. Uvijek imamo pristupa\u010dne i niske cijene, plus kada rezervirate automobil putem interneta, pla\u0107ate akontaciju od 15 &#8211; 20 posto cijene &#8211; ostatak mo\u017eete platiti prilikom preuzimanja automobila izravno.<\/p>\n<h2>Metode Pla\u010danja<\/h2>\n<p>Na\u0161a rent-a-car tvrtka vam daje mogu\u0107nost pla\u0107anja najma automobila:<\/p>\n<ul>\n<li>bilo koja bankovna kartica<\/li>\n<li>unov\u010diti<\/li>\n<li>ili u cijelosti bez pologa i bez pologa prilikom rezervacije ili izravnog preuzimanja automobila.<\/li>\n<\/ul>\n<h2>Vrste automobila<\/h2>\n<p>Na na\u0161oj web stranici mo\u017eete birati izme\u0111u vi\u0161e od 600 automobila:<\/p>\n<ul>\n<li>kompaktan<\/li>\n<li>kri\u017eanja<\/li>\n<li>monovolumeni, srednja i luksuzna klasa<\/li>\n<li>kabrioleti i motocikli.<\/li>\n<\/ul>\n<p>Sva vozila su osigurana.<\/p>\n<h2>Dokumenti za izvr\u0161enje ugovora<\/h2>\n<p>Za preuzimanje automobila potrebni su vam: putovnica, voza\u010dka dozvola, voucher, stanje narud\u017ebe, depozit (za rezervaciju automobila uz depozit) i kreditna kartica za bezgotovinsko pla\u0107anje.<\/p>\n<h2>Znamenitosti Crne Gore: gdje mo\u017eete i\u0107i?<\/h2>\n<figure id=\"attachment_49\" aria-describedby=\"caption-attachment-49\" style=\"width: 450px\" class=\"wp-caption alignright\"><span itemprop=\"image\" itemscope itemtype=\"https:\/\/schema.org\/ImageObject\"><img itemprop=\"url image\" loading=\"lazy\" decoding=\"async\" class=\"wp-image-41\" title=\"Boka Kotorska\" src=\"https:\/\/budvacars.com\/wp-content\/uploads\/2024\/04\/kotor-300x200.webp\" alt=\"Boka Kotorska\" width=\"450\" height=\"300\"  srcset=\"https:\/\/budvacars.com\/wp-content\/uploads\/2024\/04\/kotor-300x200.webp 300w, https:\/\/budvacars.com\/wp-content\/uploads\/2024\/04\/kotor.webp 600w\" sizes=\"(max-width: 450px) 100vw, 450px\" \/><meta itemprop=\"width\" content=\"450\"><meta itemprop=\"height\" content=\"300\"><\/span><figcaption id=\"caption-attachment-49\" class=\"wp-caption-text\">Boka Kotorska<\/figcaption><\/figure>\n<p>Crna Gora je divna i lijepa zemlja, bogata prirodnim i povijesnim znamenitostima. Evo popisa najzanimljivijih atrakcija u Crnoj Gori:<\/p>\n<ul>\n<li>Stari grad u Budvi, koji \u0107e vas o\u010darati srednjovjekovnim ljepotama anti\u010dkog grada i poznatim pla\u017eama Mogren i Jaz;<\/li>\n<li>Boka Kotorska, okru\u017eena planinama i nevjerojatnom prirodom, poziva vas da se opustite i pro\u0161etate njenim gradovima, crkvama i muzejima;<\/li>\n<li>Skadarsko jezero je najve\u0107e jezero na Balkanskom poluotoku i odu\u0161evit \u0107e vas prekrasnim krajolikom, raznoliko\u0161\u0107u ptica i ugodnom vo\u017enjom \u010damcem.<\/li>\n<li>Tako\u0111er mo\u017eete oti\u0107i u Cetinjski manastir, posjetiti poznato planinsko jezero Bleko i otkriti jo\u0161 mnogo ljepota i iznena\u0111enja nevjerojatne Crne Gore!<\/li>\n<\/ul>\n<p>Zemlja nudi mnogo mogu\u0107nosti za kulturni i ugodan odmor za cijelu obitelj i za svakog pojedinca!<\/p>\n<p>Iznajmljivanje automobila Budva &#8211; upravo ovo je usluga koju nudi na\u0161a rent a car agencija BudvaCars.<\/p>\n","protected":false},"excerpt":{"rendered":"<p>Kako iznajmiti auto u Budvi Iznajmljivanje automobila u Budvi vrlo je popularan zahtjev me\u0111u turistima koji posje\u0107uju Crnu Goru. Kada se na\u0111ete u tako slikovitom podru\u010dju kao \u0161to je Balkan, prirodno po\u017eelite u\u017eivati \u200b\u200bu svemu \u0161to ono nudi. Stoga \u0107e bez automobila u takvoj situaciji biti te\u0161ko. Sre\u0107om, dok ste u Crnoj Gori, mo\u017eete lako [&hellip;]<\/p>\n","protected":false},"author":1,"featured_media":48,"parent":0,"menu_order":0,"comment_status":"closed","ping_status":"closed","template":"","meta":{"footnotes":""},"_links":{"self":[{"href":"https:\/\/budvacars.com\/hr\/wp-json\/wp\/v2\/pages\/50"}],"collection":[{"href":"https:\/\/budvacars.com\/hr\/wp-json\/wp\/v2\/pages"}],"about":[{"href":"https:\/\/budvacars.com\/hr\/wp-json\/wp\/v2\/types\/page"}],"author":[{"embeddable":true,"href":"https:\/\/budvacars.com\/hr\/wp-json\/wp\/v2\/users\/1"}],"replies":[{"embeddable":true,"href":"https:\/\/budvacars.com\/hr\/wp-json\/wp\/v2\/comments?post=50"}],"version-history":[{"count":2,"href":"https:\/\/budvacars.com\/hr\/wp-json\/wp\/v2\/pages\/50\/revisions"}],"predecessor-version":[{"id":53,"href":"https:\/\/budvacars.com\/hr\/wp-json\/wp\/v2\/pages\/50\/revisions\/53"}],"wp:featuredmedia":[{"embeddable":true,"href":"https:\/\/budvacars.com\/hr\/wp-json\/wp\/v2\/media\/48"}],"wp:attachment":[{"href":"https:\/\/budvacars.com\/hr\/wp-json\/wp\/v2\/media?parent=50"}],"curies":[{"name":"wp","href":"https:\/\/api.w.org\/{rel}","templated":true}]}}